{"id":273,"date":"2014-03-31T22:28:34","date_gmt":"2014-03-31T22:28:34","guid":{"rendered":"http:\/\/lab.ing.unlp.edu.ar\/limf\/?page_id=273"},"modified":"2014-05-08T15:58:46","modified_gmt":"2014-05-08T15:58:46","slug":"reglamento-interno-semfi","status":"publish","type":"page","link":"https:\/\/limf.ing.unlp.edu.ar\/?page_id=273","title":{"rendered":"Reglamento Interno SeMFi"},"content":{"rendered":"<p><strong>Reglamento interno de uso del Servicio de Microscop\u00eda Electr\u00f3nica del LIMF \u2013 SeMFi.<\/strong><\/p>\n<p>A continuaci\u00f3n se establecen las normas de acceso y uso de los servicios prestados por el LIMF a trav\u00e9s del SeMFi.<\/p>\n<p>1. Sobre los usuarios.<br \/>\n1.1. Grupo Fundador o NODO:<br \/>\n1.2. Empresa<br \/>\n1.3. Otras instituciones\/instituciones I+D<br \/>\n2. Sobre los turnos<br \/>\n2.1 Horarios de atenci\u00f3n<br \/>\n2.2 Solicitud de turnos<br \/>\n2.3 Duraci\u00f3n de los turnos<br \/>\n2.4 Cancelaci\u00f3n de los turnos<br \/>\n2.5 De la puntualidad en la llegada y finalizaci\u00f3n del turno<br \/>\n2.6 Del rechazo de turnos<br \/>\n2.7 Usuarios \u201cGrupo Fundador\u201d o NODO<br \/>\n3. Del Ingreso al microscopio<br \/>\n4. De las muestras<br \/>\n5. Datos, resultados e informes<br \/>\n6. Facturaci\u00f3n y pago de servicios<br \/>\n7. De las publicaciones y trabajos<\/p>\n<p>&nbsp;<\/p>\n<p><strong>1. Sobre los usuarios.<\/strong><br \/>\nLos distintos usuarios del servicio se enmarcan en tres diferentes grupos seg\u00fan el tipo de entidad de pertenencia, los mismos son descritos a continuaci\u00f3n:<\/p>\n<ol>\n<li>Grupo Fundador o NODO: incluye a aquellos grupos involucrados en la presentaci\u00f3n del proyecto de adquisici\u00f3n del equipo.<\/li>\n<li>Empresa: usuarios relacionados a empresas del sector privado\/productivo.<\/li>\n<li>Otras instituciones\/instituciones I+D: usuarios pertenecientes a otros organismos o instituciones de investigaci\u00f3n y desarrollo de dependencia estatal.<\/li>\n<\/ol>\n<p><strong>2. Sobre los turnos.<\/strong><br \/>\nLos turnos s\u00f3lo se solicitan a trav\u00e9s de la p\u00e1gina web del sistema de gesti\u00f3n de turnos perteneciente al Sistema Nacional de Microscop\u00eda. En dicha p\u00e1gina se deber\u00e1 completar sin omitir ning\u00fan campo un formulario online que tiene por fin facilitar el intercambio de informaci\u00f3n entre el usuario y el SeMFi para optimizar el tiempo de uso del equipo. Para la generaci\u00f3n de un usuario nuevo en la secci\u00f3n de solicitud de turnos y preguntas frecuentes pueden resolverse las inquietudes m\u00e1s comunes relacionadas a este apartado.<\/p>\n<p><strong>2.1 Horarios de atenci\u00f3n.<\/strong><br \/>\nEl horario de atenci\u00f3n al p\u00fablico para el uso del equipo es de 9 a 17 hs. El pago del servicio y el retiro de los resultados se podr\u00e1n efectuar de lunes a viernes entre las 8 y las 12 hs.<\/p>\n<p><strong>2.2 Solicitud de turnos.<\/strong><br \/>\nLa anticipaci\u00f3n m\u00ednima desde el d\u00eda de la gesti\u00f3n del turno hasta el d\u00eda del mismo es de 5 d\u00edas h\u00e1biles. La disponibilidad de turnos puede consultarse durante el proceso de solicitud en la p\u00e1gina web del Sistema de Gesti\u00f3n de turnos o contactarnos v\u00eda mail o llamando al LIMF.<\/p>\n<p><strong>La informaci\u00f3n requerida para la aprobaci\u00f3n del turno es la siguiente:<\/strong><\/p>\n<ul>\n<li>Instituci\u00f3n de pertenencia.<\/li>\n<li>Datos sobre el tipo de muestra (met\u00e1lica, cer\u00e1mica, pol\u00edmero, biol\u00f3gica), forma de la muestra (en polvo, suspensi\u00f3n, matriz de inclusi\u00f3n) y modo de observaci\u00f3n estimado.<\/li>\n<li>Datos de facturaci\u00f3n.<\/li>\n<li>De no estar completo el formulario en su totalidad (ej. Faltan datos de facturaci\u00f3n) el turno ser\u00e1 rechazado seg\u00fan la justificaci\u00f3n \u201cFormulario incompleto, faltan datos de facturaci\u00f3n\u201d.<\/li>\n<\/ul>\n<p><strong>2.3 Duraci\u00f3n de los turnos.<\/strong><br \/>\nLos turnos tendr\u00e1n una duraci\u00f3n m\u00ednima de 1 hora y m\u00e1xima de 3 horas por usuario por d\u00eda. Aquellos usuarios de otras provincias podr\u00e1n acordar de forma especial el otorgamiento de 2 turnos de duraci\u00f3n de 3 hs (ma\u00f1ana y tarde con un intervalo de una hora entre ambos turnos).<br \/>\nCualquier demora o desperfecto t\u00e9cnico por parte del servicio, ser\u00e1 restituido como tiempo a favor del usuario.<\/p>\n<p><strong>2.4 Cancelaci\u00f3n de los turnos.<\/strong><br \/>\nLa cancelaci\u00f3n o modificaci\u00f3n de duraci\u00f3n de los turnos deber\u00e1 realizarse con 24 hs de antelaci\u00f3n mediante un mail al servicio o v\u00eda telef\u00f3nica.<br \/>\nLa cancelaci\u00f3n del turno por inconvenientes en el servicio, ser\u00e1 informada por tel\u00e9fono o correo electr\u00f3nico al usuario.<br \/>\nEl usuario deber\u00e1 pagar el costo del turno tramitado aunque el tiempo de observaci\u00f3n haya sido menor al programado exceptuado aquellos casos en los que haya habido previo aviso (24 hs).<br \/>\nLos turnos a los que el usuario no haya asistido sin la anulaci\u00f3n previa (con 24 hs de antelaci\u00f3n) se cargar\u00e1n sobre el valor del pr\u00f3ximo servicio con una penalizaci\u00f3n del 50% del costo del turno al que no asisti\u00f3.<\/p>\n<p><strong>2.5 De la puntualidad en la llegada y finalizaci\u00f3n del turno.<\/strong><br \/>\nSe tolerar\u00e1n hasta 10 minutos de demora desde la hora pautada de inicio del turno. La preparaci\u00f3n de muestras deber\u00e1 realizarse previo al inicio del turno recomend\u00e1ndose al usuario que solicite asistencia a los operadores y auxiliares para preparar la muestra previo a la observaci\u00f3n. En caso de que las muestras lleguen sobre la hora de inicio del turno la preparaci\u00f3n correr\u00e1 como tiempo de observaci\u00f3n.<br \/>\nEl turno finalizar\u00e1 seg\u00fan el horario convenido a trav\u00e9s del Sistema de Gesti\u00f3n de Turnos. S\u00f3lo se permitir\u00e1 la extensi\u00f3n del turno, con un fraccionamiento de 30 minutos, en caso de que el equipo est\u00e9 desocupado a posteriori y haya disponibilidad de operadores.<\/p>\n<p><strong>2.6 Del rechazo de turnos<\/strong><br \/>\nLos turnos ser\u00e1n rechazados o reprogramados por los siguientes motivos:<\/p>\n<ul>\n<li>Por incumplimiento del usuario en alguna de las normas explicitadas en el presente reglamento.<\/li>\n<li>Si la disponibilidad de turnos de la semana en curso es escasa y el usuario o grupo de trabajo posea ya tres solicitudes en la misma semana.<\/li>\n<li>Si el usuario posee alguna factura impaga m\u00e1s all\u00e1 de los 15 d\u00edas de emitida dicha factura.<\/li>\n<\/ul>\n<p><strong>2.6 Usuarios \u201cGrupo Fundador\u201d o NODO.<\/strong><br \/>\nUna vez tramitado el turno a trav\u00e9s del Sistema de Gesti\u00f3n de Turnos, aquellos usuarios pertenecientes a un Grupo Fundador o NODO, deber\u00e1n solicitar al director del NODO o Grupo Fundador que env\u00ede un mail al servicio especificando el nombre del usuario y datos del turno solicitado. En caso que al d\u00eda del turno el SeMFi no haya recibido el mail por parte del director de NODO o Grupo Fundador dicho turno deber\u00e1 abonarse seg\u00fan la tarifa \u201cOtras Instituciones\/Instituciones I+D\u201d.<\/p>\n<p><strong>3. Del Ingreso al microscopio.<\/strong><br \/>\nPor razones de seguridad, no est\u00e1 permitido el ingreso de m\u00e1s de tres personas (adem\u00e1s del operador) en la sala del microscopio.<\/p>\n<p><strong>4. De las muestras.<\/strong><br \/>\nEl usuario deber\u00e1 completar una planilla para formalizar la recepci\u00f3n de las muestras, con dicha planilla se le entregar\u00e1 una copia del reglamento interno del Servicio de Microscop\u00eda Electr\u00f3nico SeMFi \u2013 LIMF dejando el usuario expresa su conformidad con el mismo.<br \/>\nEn caso de que las muestras necesiten un recubrimiento conductor, secado por punto cr\u00edtico, confecci\u00f3n de pastilla para an\u00e1lisis EDS o alg\u00fan otro tipo de preparaci\u00f3n, el usuario deber\u00e1 traerlas al laboratorio con tres d\u00edas de anticipaci\u00f3n en el horario de 8 a 12 hs.<br \/>\nEn aquellos casos que la muestra tenga un montaje complejo que requiera de la pericia o conocimiento del usuario, el mismo dispondr\u00e1 de las comodidades en el laboratorio para llevar a cabo la preparaci\u00f3n de cara al metalizado u observaci\u00f3n de las mismas.<br \/>\nLas muestras porosas, y aquellas con contenido de humedad o de vol\u00e1tiles deber\u00e1n ser preparadas adecuadamente para la observaci\u00f3n (ej. secado en estufa). El operador se reserva el derecho, seg\u00fan el tiempo que se tarde en lograr el vac\u00edo, de no admitir las muestras para su procesamiento en el equipo de Sputtering u observaci\u00f3n en el SEM.<br \/>\nLas muestras con contenidos de residuos de aceites org\u00e1nicos o minerales, deben ser limpiadas y secadas adecuadamente. Consultar para la observaci\u00f3n de muestras que se crea puedan exudar cualquiera de los restos o residuos descritos anteriormente.<br \/>\nSe recomienda al usuario no dejar para el an\u00e1lisis el total de muestra de la que dispone dado que puede sufrir da\u00f1os durante la observaci\u00f3n.<br \/>\nEl usuario debe tener presente que la permanencia de las muestras dentro del laboratorio tiene un m\u00e1ximo de 15 d\u00edas una vez concluido el turno. Superado este per\u00edodo, las muestras ser\u00e1n desechadas.<br \/>\nEn el caso que el operador considere que la muestra podr\u00eda ser perjudicial para los equipos, no ingresar\u00e1 la misma en el equipo de Sputtering, Microscopio o secador por punto cr\u00edtico.<\/p>\n<p><strong>5. Datos, resultados e informes<\/strong><br \/>\nSe entregar\u00e1 la informaci\u00f3n generada durante el turno en un CD con las fotos tomadas. No est\u00e1 permitido el transporte de datos en memorias flash-usb.<br \/>\nAquellas im\u00e1genes que el usuario desee que no sean publicadas ser\u00e1n quitadas de la galer\u00eda de im\u00e1genes del SeMFi.<br \/>\nNo se entregar\u00e1n resultados y\/o informes sin que el usuario exhiba el recibo o comprobante de cancelaci\u00f3n de la factura correspondiente al total del costo del servicio.<\/p>\n<p><strong>6. Facturaci\u00f3n y pago de servicios<\/strong><br \/>\nLos servicios ser\u00e1n abonados en Fundaci\u00f3n Facultad de Ingenier\u00eda seg\u00fan las siguientes formas de pago:<\/p>\n<ul>\n<li>Efectivo hasta $500<\/li>\n<li>Cheque a nombre de fundaci\u00f3n facultad de ingenier\u00eda<\/li>\n<li>Dep\u00f3sito o transferencia bancaria:<br \/>\nBanco naci\u00f3n:<br \/>\nCta. cte 163005\/45<br \/>\nCBU 0110030320000163005456<br \/>\nTitular: fundaci\u00f3n facultad de ingenier\u00eda<br \/>\nCuit: 30-67798003-2<br \/>\nIVA: exento<\/li>\n<\/ul>\n<p>Una vez que el usuario haya realizado el pago, en Fundaci\u00f3n Factultad de Ingenier\u00eda se le generar\u00e1 un recibo comprobante del pago. Con dicho recibo el usuario deber\u00e1 presentarse para retirar los resultados.<\/p>\n<p><strong>7. De las publicaciones y trabajos:<\/strong><br \/>\nEl laboratorio mantiene en una base de datos todos los trabajos de investigaci\u00f3n y servicios realizados de manera de mostrar la presencia y uso del equipamiento de SeMFi en el polo cient\u00edfico\/tecnol\u00f3gico La Plata. Por este motivo, se solicitar\u00e1 peri\u00f3dicamente a los usuarios un listado de las publicaciones y presentaciones a congresos producidas con la utilizaci\u00f3n de los equipos del SeMFi. En el sistema de reservas se solicita el compromiso por parte del usuario de que en toda publicaci\u00f3n que incluya datos obtenidos en el SeMFI figure \u201c<strong>Servicio de Microscop\u00eda Electr\u00f3nica y Microan\u00e1lisis (SeMFi \u2013 LIMF) \u2013Facultad de Ingenier\u00eda,UNLP, Argentina<\/strong>\u201d.<\/p>\n","protected":false},"excerpt":{"rendered":"<p>Reglamento interno de uso del Servicio de Microscop\u00eda Electr\u00f3nica del LIMF \u2013 SeMFi. A continuaci\u00f3n se establecen las normas de acceso y uso de los servicios prestados por el LIMF a trav\u00e9s del SeMFi. 1. Sobre los usuarios. 1.1. Grupo Fundador o NODO: 1.2. Empresa 1.3. Otras instituciones\/instituciones I+D 2. \u2026 <a class=\"continue-reading-link\" href=\"https:\/\/limf.ing.unlp.edu.ar\/?page_id=273\">Continuar leyendo<\/a><\/p>\n","protected":false},"author":1,"featured_media":0,"parent":0,"menu_order":0,"comment_status":"closed","ping_status":"open","template":"","meta":[],"_links":{"self":[{"href":"https:\/\/limf.ing.unlp.edu.ar\/index.php?rest_route=\/wp\/v2\/pages\/273"}],"collection":[{"href":"https:\/\/limf.ing.unlp.edu.ar\/index.php?rest_route=\/wp\/v2\/pages"}],"about":[{"href":"https:\/\/limf.ing.unlp.edu.ar\/index.php?rest_route=\/wp\/v2\/types\/page"}],"author":[{"embeddable":true,"href":"https:\/\/limf.ing.unlp.edu.ar\/index.php?rest_route=\/wp\/v2\/users\/1"}],"replies":[{"embeddable":true,"href":"https:\/\/limf.ing.unlp.edu.ar\/index.php?rest_route=%2Fwp%2Fv2%2Fcomments&post=273"}],"version-history":[{"count":6,"href":"https:\/\/limf.ing.unlp.edu.ar\/index.php?rest_route=\/wp\/v2\/pages\/273\/revisions"}],"predecessor-version":[{"id":318,"href":"https:\/\/limf.ing.unlp.edu.ar\/index.php?rest_route=\/wp\/v2\/pages\/273\/revisions\/318"}],"wp:attachment":[{"href":"https:\/\/limf.ing.unlp.edu.ar\/index.php?rest_route=%2Fwp%2Fv2%2Fmedia&parent=273"}],"curies":[{"name":"wp","href":"https:\/\/api.w.org\/{rel}","templated":true}]}}